{"id":1470,"date":"2023-08-18T12:54:01","date_gmt":"2023-08-18T12:54:01","guid":{"rendered":"https:\/\/joanserracabado.com\/?page_id=1470"},"modified":"2024-11-05T16:06:00","modified_gmt":"2024-11-05T16:06:00","slug":"coaching","status":"publish","type":"page","link":"https:\/\/joanserracabado.com\/en\/coaching\/","title":{"rendered":"Coaching"},"content":{"rendered":"<div data-elementor-type=\"wp-page\" data-elementor-id=\"1470\" class=\"elementor elementor-1470\" data-elementor-post-type=\"page\">\n\t\t\t\t\t\t<section class=\"elementor-section elementor-top-section elementor-element elementor-element-9221d65 elementor-section-height-min-height elementor-section-boxed elementor-section-height-default elementor-section-items-middle\" data-id=\"9221d65\" data-element_type=\"section\" data-e-type=\"section\" data-settings=\"{&quot;background_background&quot;:&quot;gradient&quot;}\">\n\t\t\t\t\t\t\t<div class=\"elementor-background-overlay\"><\/div>\n\t\t\t\t\t\t\t<div class=\"elementor-container elementor-column-gap-default\">\n\t\t\t\t\t<div class=\"elementor-column elementor-col-50 elementor-top-column elementor-element elementor-element-3445a8f\" data-id=\"3445a8f\" data-element_type=\"column\" data-e-type=\"column\">\n\t\t\t<div class=\"elementor-widget-wrap elementor-element-populated\">\n\t\t\t\t\t\t<div class=\"elementor-element elementor-element-84a2b13 elementor-widget elementor-widget-heading\" data-id=\"84a2b13\" data-element_type=\"widget\" data-e-type=\"widget\" data-widget_type=\"heading.default\">\n\t\t\t\t<div class=\"elementor-widget-container\">\n\t\t\t\t\t<h1 class=\"elementor-heading-title elementor-size-default\">Coaching<\/h1>\t\t\t\t<\/div>\n\t\t\t\t<\/div>\n\t\t\t\t<div class=\"elementor-element elementor-element-29ab493 elementor-widget elementor-widget-heading\" data-id=\"29ab493\" data-element_type=\"widget\" data-e-type=\"widget\" data-widget_type=\"heading.default\">\n\t\t\t\t<div class=\"elementor-widget-container\">\n\t\t\t\t\t<h3 class=\"elementor-heading-title elementor-size-default\">EXECUTIVE &amp; TEAM COACHING \/ LIFE COACHING<\/h3>\t\t\t\t<\/div>\n\t\t\t\t<\/div>\n\t\t\t\t<div class=\"elementor-element elementor-element-939eaef elementor-widget elementor-widget-text-editor\" data-id=\"939eaef\" data-element_type=\"widget\" data-e-type=\"widget\" data-widget_type=\"text-editor.default\">\n\t\t\t\t<div class=\"elementor-widget-container\">\n\t\t\t\t\t\t\t\t\t<p>With Coaching I put myself at the service of individuals, teams and organisations on their way to achieving any challenge they set themselves, to be more effective, healthier and happier.<\/p>\t\t\t\t\t\t\t\t<\/div>\n\t\t\t\t<\/div>\n\t\t\t\t\t<\/div>\n\t\t<\/div>\n\t\t\t\t<div class=\"elementor-column elementor-col-50 elementor-top-column elementor-element elementor-element-29f6dba\" data-id=\"29f6dba\" data-element_type=\"column\" data-e-type=\"column\">\n\t\t\t<div class=\"elementor-widget-wrap\">\n\t\t\t\t\t\t\t<\/div>\n\t\t<\/div>\n\t\t\t\t\t<\/div>\n\t\t<\/section>\n\t\t\t\t<section class=\"elementor-section elementor-top-section elementor-element elementor-element-56bfe3a elementor-section-boxed elementor-section-height-default elementor-section-height-default\" data-id=\"56bfe3a\" data-element_type=\"section\" data-e-type=\"section\">\n\t\t\t\t\t\t<div class=\"elementor-container elementor-column-gap-default\">\n\t\t\t\t\t<div class=\"elementor-column elementor-col-100 elementor-top-column elementor-element elementor-element-64f3390\" data-id=\"64f3390\" data-element_type=\"column\" data-e-type=\"column\">\n\t\t\t<div class=\"elementor-widget-wrap elementor-element-populated\">\n\t\t\t\t\t\t<div class=\"elementor-element elementor-element-01ee4e6 elementor-mobile-align-left elementor-fixed elementor-hidden-widescreen elementor-hidden-desktop elementor-hidden-tablet elementor-widget elementor-widget-button\" data-id=\"01ee4e6\" data-element_type=\"widget\" data-e-type=\"widget\" data-settings=\"{&quot;_position&quot;:&quot;fixed&quot;}\" data-widget_type=\"button.default\">\n\t\t\t\t<div class=\"elementor-widget-container\">\n\t\t\t\t\t\t\t\t\t<div class=\"elementor-button-wrapper\">\n\t\t\t\t\t<a class=\"elementor-button elementor-button-link elementor-size-lg\" href=\"https:\/\/joanserracabado.com\/en\/contact\/\">\n\t\t\t\t\t\t<span class=\"elementor-button-content-wrapper\">\n\t\t\t\t\t\t<span class=\"elementor-button-icon\">\n\t\t\t\t<i aria-hidden=\"true\" class=\"fab fa-whatsapp\"><\/i>\t\t\t<\/span>\n\t\t\t\t\t\t\t\t<\/span>\n\t\t\t\t\t<\/a>\n\t\t\t\t<\/div>\n\t\t\t\t\t\t\t\t<\/div>\n\t\t\t\t<\/div>\n\t\t\t\t\t<\/div>\n\t\t<\/div>\n\t\t\t\t\t<\/div>\n\t\t<\/section>\n\t\t\t\t<section class=\"elementor-section elementor-top-section elementor-element elementor-element-12e45ffb elementor-section-full_width elementor-section-height-default elementor-section-height-default\" data-id=\"12e45ffb\" data-element_type=\"section\" data-e-type=\"section\">\n\t\t\t\t\t\t<div class=\"elementor-container elementor-column-gap-default\">\n\t\t\t\t\t<div class=\"elementor-column elementor-col-100 elementor-top-column elementor-element elementor-element-59bcbf2c\" data-id=\"59bcbf2c\" data-element_type=\"column\" data-e-type=\"column\">\n\t\t\t<div class=\"elementor-widget-wrap elementor-element-populated\">\n\t\t\t\t\t\t<div class=\"elementor-element elementor-element-dc03375 elementor-widget elementor-widget-text-editor\" data-id=\"dc03375\" data-element_type=\"widget\" data-e-type=\"widget\" data-widget_type=\"text-editor.default\">\n\t\t\t\t<div class=\"elementor-widget-container\">\n\t\t\t\t\t\t\t\t\t<p>There are many schools and lines of Coaching. I am trained in NLP Coaching (Neuro-Linguistic Programming) and Generative Coaching. In addition, I draw on other areas of my experience and training which I take into account depending on the situation.<\/p><p>Mindfulness, Emotional Intelligence, Positive Psychology, my long business experience and the extraordinary teachings I have learned from trekking in the mountains are always present.\u00a0<\/p>\t\t\t\t\t\t\t\t<\/div>\n\t\t\t\t<\/div>\n\t\t\t\t\t<\/div>\n\t\t<\/div>\n\t\t\t\t\t<\/div>\n\t\t<\/section>\n\t\t\t\t<section class=\"elementor-section elementor-top-section elementor-element elementor-element-35ceb4a8 elementor-section-full_width elementor-section-height-default elementor-section-height-default\" data-id=\"35ceb4a8\" data-element_type=\"section\" data-e-type=\"section\" data-settings=\"{&quot;background_background&quot;:&quot;classic&quot;}\">\n\t\t\t\t\t\t<div class=\"elementor-container elementor-column-gap-default\">\n\t\t\t\t\t<div class=\"elementor-column elementor-col-50 elementor-top-column elementor-element elementor-element-48fdc6c6\" data-id=\"48fdc6c6\" data-element_type=\"column\" data-e-type=\"column\">\n\t\t\t<div class=\"elementor-widget-wrap elementor-element-populated\">\n\t\t\t\t\t\t<div class=\"elementor-element elementor-element-5cd60c6b elementor-invisible elementor-widget elementor-widget-image\" data-id=\"5cd60c6b\" data-element_type=\"widget\" data-e-type=\"widget\" data-settings=\"{&quot;_animation&quot;:&quot;slideInLeft&quot;}\" data-widget_type=\"image.default\">\n\t\t\t\t<div class=\"elementor-widget-container\">\n\t\t\t\t\t\t\t\t\t\t\t\t\t\t\t<img fetchpriority=\"high\" decoding=\"async\" width=\"504\" height=\"550\" src=\"https:\/\/joanserracabado.com\/wp-content\/uploads\/2023\/08\/conf-workshop-3.png\" class=\"attachment-large size-large wp-image-1342\" alt=\"\" srcset=\"https:\/\/joanserracabado.com\/wp-content\/uploads\/2023\/08\/conf-workshop-3.png 504w, https:\/\/joanserracabado.com\/wp-content\/uploads\/2023\/08\/conf-workshop-3-275x300.png 275w\" sizes=\"(max-width: 504px) 100vw, 504px\" \/>\t\t\t\t\t\t\t\t\t\t\t\t\t\t\t<\/div>\n\t\t\t\t<\/div>\n\t\t\t\t\t<\/div>\n\t\t<\/div>\n\t\t\t\t<div class=\"elementor-column elementor-col-50 elementor-top-column elementor-element elementor-element-3e0a1154\" data-id=\"3e0a1154\" data-element_type=\"column\" data-e-type=\"column\">\n\t\t\t<div class=\"elementor-widget-wrap elementor-element-populated\">\n\t\t\t\t\t\t<div class=\"elementor-element elementor-element-91a8461 elementor-widget elementor-widget-heading\" data-id=\"91a8461\" data-element_type=\"widget\" data-e-type=\"widget\" data-widget_type=\"heading.default\">\n\t\t\t\t<div class=\"elementor-widget-container\">\n\t\t\t\t\t<h1 class=\"elementor-heading-title elementor-size-default\">My style and vision of Coaching<\/h1>\t\t\t\t<\/div>\n\t\t\t\t<\/div>\n\t\t\t\t<div class=\"elementor-element elementor-element-4ab52a04 elementor-widget elementor-widget-text-editor\" data-id=\"4ab52a04\" data-element_type=\"widget\" data-e-type=\"widget\" data-widget_type=\"text-editor.default\">\n\t\t\t\t<div class=\"elementor-widget-container\">\n\t\t\t\t\t\t\t\t\t<p>With Coaching I establish a \"contract\" where both parties put the best of ourselves, recognise each other as equals and grow together.<\/p>\n<p>My Coaching is calm, respectful, intuitive and also, at times, confrontational, challenging and directive. I also intersperse it with mentoring, bringing my experience to you, and when I do, I tell you about it, in case it helps.<br>I listen to what you tell me and, above all, to what you don't tell me, providing spaces for you to \"see yourself\", to recognise yourself, to clarify your objectives, to realise what you want and what you don't want, and, above all, to discover and put the best of yourself into action so that you can advance towards where you want to go.<\/p>\t\t\t\t\t\t\t\t<\/div>\n\t\t\t\t<\/div>\n\t\t\t\t\t<\/div>\n\t\t<\/div>\n\t\t\t\t\t<\/div>\n\t\t<\/section>\n\t\t\t\t<section class=\"elementor-section elementor-top-section elementor-element elementor-element-57b2b6f elementor-section-boxed elementor-section-height-default elementor-section-height-default\" data-id=\"57b2b6f\" data-element_type=\"section\" data-e-type=\"section\">\n\t\t\t\t\t\t<div class=\"elementor-container elementor-column-gap-default\">\n\t\t\t\t\t<div class=\"elementor-column elementor-col-100 elementor-top-column elementor-element elementor-element-695641c\" data-id=\"695641c\" data-element_type=\"column\" data-e-type=\"column\">\n\t\t\t<div class=\"elementor-widget-wrap elementor-element-populated\">\n\t\t\t\t\t\t<div class=\"elementor-element elementor-element-e8dbaab elementor-widget elementor-widget-heading\" data-id=\"e8dbaab\" data-element_type=\"widget\" data-e-type=\"widget\" data-widget_type=\"heading.default\">\n\t\t\t\t<div class=\"elementor-widget-container\">\n\t\t\t\t\t<h1 class=\"elementor-heading-title elementor-size-default\">Areas where I apply Coaching<\/h1>\t\t\t\t<\/div>\n\t\t\t\t<\/div>\n\t\t\t\t\t<\/div>\n\t\t<\/div>\n\t\t\t\t\t<\/div>\n\t\t<\/section>\n\t\t\t\t<section class=\"elementor-section elementor-top-section elementor-element elementor-element-81c0477 elementor-section-boxed elementor-section-height-default elementor-section-height-default\" data-id=\"81c0477\" data-element_type=\"section\" data-e-type=\"section\">\n\t\t\t\t\t\t<div class=\"elementor-container elementor-column-gap-default\">\n\t\t\t\t\t<div class=\"elementor-column elementor-col-50 elementor-top-column elementor-element elementor-element-60ead45\" data-id=\"60ead45\" data-element_type=\"column\" data-e-type=\"column\">\n\t\t\t<div class=\"elementor-widget-wrap elementor-element-populated\">\n\t\t\t\t\t\t<div class=\"elementor-element elementor-element-6285f89 elementor-flip-box--effect-push elementor-flip-box--direction-up elementor-widget elementor-widget-flip-box\" data-id=\"6285f89\" data-element_type=\"widget\" data-e-type=\"widget\" data-widget_type=\"flip-box.default\">\n\t\t\t\t<div class=\"elementor-widget-container\">\n\t\t\t\t\t\t\t<div class=\"elementor-flip-box\" tabindex=\"0\">\n\t\t\t<div class=\"elementor-flip-box__layer elementor-flip-box__front\">\n\t\t\t\t<div class=\"elementor-flip-box__layer__overlay\">\n\t\t\t\t\t<div class=\"elementor-flip-box__layer__inner\">\n\t\t\t\t\t\t\n\t\t\t\t\t\t\t\t\t\t\t\t\t<h3 class=\"elementor-flip-box__layer__title\">\n\t\t\t\t\t\t\t\tExecutive &amp; Team Coaching\t\t\t\t\t\t\t<\/h3>\n\t\t\t\t\t\t\n\t\t\t\t\t\t\t\t\t\t\t\t\t<div class=\"elementor-flip-box__layer__description\">\n\t\t\t\t\t\t\t\t<span style=\"color: #007679;font-size: 18px\">Learn more<\/span>\t\t\t\t\t\t\t<\/div>\n\t\t\t\t\t\t\t\t\t\t\t<\/div>\n\t\t\t\t<\/div>\n\t\t\t<\/div>\n\t\t\t<div class=\"elementor-flip-box__layer elementor-flip-box__back\">\n\t\t\t<div class=\"elementor-flip-box__layer__overlay\">\n\t\t\t\t<div class=\"elementor-flip-box__layer__inner\">\n\t\t\t\t\t\n\t\t\t\t\t\t\t\t\t\t\t<div class=\"elementor-flip-box__layer__description\">\n\t\t\t\t\t\t\tEl Executive &amp; Team coaching es un servicio que facilita el aprendizaje y desarrollo de l@s emplead@s, ejecutiv@s, directiv@s y equipos.\t\t\t\t\t\t<\/div>\n\t\t\t\t\t\n\t\t\t\t\t\t\t\t\t\t\t<a class=\"elementor-flip-box__button elementor-button elementor-size-md\" href=\"https:\/\/joanserracabado.com\/en\/executive-team-coaching\/\">\n\t\t\t\t\t\t\tLearn more\t\t\t\t\t\t<\/a>\n\t\t\t\t\t\t\t\t<\/div>\n\t\t<\/div>\n\t\t<\/div>\n\t\t<\/div>\n\t\t\t\t\t\t<\/div>\n\t\t\t\t<\/div>\n\t\t\t\t\t<\/div>\n\t\t<\/div>\n\t\t\t\t<div class=\"elementor-column elementor-col-50 elementor-top-column elementor-element elementor-element-3e28b32\" data-id=\"3e28b32\" data-element_type=\"column\" data-e-type=\"column\">\n\t\t\t<div class=\"elementor-widget-wrap elementor-element-populated\">\n\t\t\t\t\t\t<div class=\"elementor-element elementor-element-384edcb elementor-flip-box--effect-push elementor-flip-box--direction-up elementor-widget elementor-widget-flip-box\" data-id=\"384edcb\" data-element_type=\"widget\" data-e-type=\"widget\" data-widget_type=\"flip-box.default\">\n\t\t\t\t<div class=\"elementor-widget-container\">\n\t\t\t\t\t\t\t<div class=\"elementor-flip-box\" tabindex=\"0\">\n\t\t\t<div class=\"elementor-flip-box__layer elementor-flip-box__front\">\n\t\t\t\t<div class=\"elementor-flip-box__layer__overlay\">\n\t\t\t\t\t<div class=\"elementor-flip-box__layer__inner\">\n\t\t\t\t\t\t\n\t\t\t\t\t\t\t\t\t\t\t\t\t<h3 class=\"elementor-flip-box__layer__title\">\n\t\t\t\t\t\t\t\tLife coaching\t\t\t\t\t\t\t<\/h3>\n\t\t\t\t\t\t\n\t\t\t\t\t\t\t\t\t\t\t\t\t<div class=\"elementor-flip-box__layer__description\">\n\t\t\t\t\t\t\t\t<span style=\"color: #007679;font-size: 18px\">Learn more<\/span>\t\t\t\t\t\t\t<\/div>\n\t\t\t\t\t\t\t\t\t\t\t<\/div>\n\t\t\t\t<\/div>\n\t\t\t<\/div>\n\t\t\t<div class=\"elementor-flip-box__layer elementor-flip-box__back\">\n\t\t\t<div class=\"elementor-flip-box__layer__overlay\">\n\t\t\t\t<div class=\"elementor-flip-box__layer__inner\">\n\t\t\t\t\t\n\t\t\t\t\t\t\t\t\t\t\t<div class=\"elementor-flip-box__layer__description\">\n\t\t\t\t\t\t\tI use Life Coaching to accompany people in their personal and professional life development, as complete beings, in their search for greater clarity, self-confidence, security, fulfilment... To feel more satisfied, healthier and happier.\t\t\t\t\t\t<\/div>\n\t\t\t\t\t\n\t\t\t\t\t\t\t\t\t\t\t<a class=\"elementor-flip-box__button elementor-button elementor-size-md\" href=\"https:\/\/joanserracabado.com\/en\/life-coaching\/\">\n\t\t\t\t\t\t\tLearn more\t\t\t\t\t\t<\/a>\n\t\t\t\t\t\t\t\t<\/div>\n\t\t<\/div>\n\t\t<\/div>\n\t\t<\/div>\n\t\t\t\t\t\t<\/div>\n\t\t\t\t<\/div>\n\t\t\t\t\t<\/div>\n\t\t<\/div>\n\t\t\t\t\t<\/div>\n\t\t<\/section>\n\t\t\t\t<\/div>","protected":false},"excerpt":{"rendered":"<p>Coaching EXECUTIVE &amp; TEAM COACHING \/ LIFE COACHING Con el coaching me pongo\u00a0al servicio de personas, equipos y organizaciones en su camino por alcanzar cualquier reto que se propongan, ser + eficaces, saludables y felices. Existen muchas escuelas y l\u00edneas de\u00a0Coaching. Yo me he formado en\u00a0Coaching PNL (Programaci\u00f3n Neuroling\u00fc\u00edstica) y en\u00a0Coaching Generativo. Adem\u00e1s, me apoyo [&hellip;]<\/p>\n","protected":false},"author":2,"featured_media":0,"parent":0,"menu_order":0,"comment_status":"closed","ping_status":"closed","template":"elementor_header_footer","meta":{"footnotes":""},"class_list":["post-1470","page","type-page","status-publish","hentry","entry","owp-thumbs-layout-horizontal","owp-btn-normal","owp-tabs-layout-horizontal","has-no-thumbnails","has-product-nav"],"yoast_head":"<!-- This site is optimized with the Yoast SEO plugin v27.4 - https:\/\/yoast.com\/product\/yoast-seo-wordpress\/ -->\n<title>Coaching - Joan Serra Cabado<\/title>\n<meta name=\"robots\" content=\"index, follow, max-snippet:-1, max-image-preview:large, max-video-preview:-1\" \/>\n<link rel=\"canonical\" href=\"https:\/\/joanserracabado.com\/en\/coaching\/\" \/>\n<meta property=\"og:locale\" content=\"en_GB\" \/>\n<meta property=\"og:type\" content=\"article\" \/>\n<meta property=\"og:title\" content=\"Coaching - Joan Serra Cabado\" \/>\n<meta property=\"og:description\" content=\"Coaching EXECUTIVE &amp; TEAM COACHING \/ LIFE COACHING Con el coaching me pongo\u00a0al servicio de personas, equipos y organizaciones en su camino por alcanzar cualquier reto que se propongan, ser + eficaces, saludables y felices. Existen muchas escuelas y l\u00edneas de\u00a0Coaching. Yo me he formado en\u00a0Coaching PNL (Programaci\u00f3n Neuroling\u00fc\u00edstica) y en\u00a0Coaching Generativo. Adem\u00e1s, me apoyo [&hellip;]\" \/>\n<meta property=\"og:url\" content=\"https:\/\/joanserracabado.com\/en\/coaching\/\" \/>\n<meta property=\"og:site_name\" content=\"Joan Serra Cabado\" \/>\n<meta property=\"article:modified_time\" content=\"2024-11-05T16:06:00+00:00\" \/>\n<meta property=\"og:image\" content=\"https:\/\/joanserracabado.com\/wp-content\/uploads\/2023\/08\/conf-workshop-3.png\" \/>\n<meta name=\"twitter:card\" content=\"summary_large_image\" \/>\n<meta name=\"twitter:label1\" content=\"Estimated reading time\" \/>\n\t<meta name=\"twitter:data1\" content=\"2 minutes\" \/>\n<script type=\"application\/ld+json\" class=\"yoast-schema-graph\">{\"@context\":\"https:\\\/\\\/schema.org\",\"@graph\":[{\"@type\":\"WebPage\",\"@id\":\"https:\\\/\\\/joanserracabado.com\\\/coaching\\\/\",\"url\":\"https:\\\/\\\/joanserracabado.com\\\/coaching\\\/\",\"name\":\"Coaching - Joan Serra Cabado\",\"isPartOf\":{\"@id\":\"https:\\\/\\\/joanserracabado.com\\\/#website\"},\"primaryImageOfPage\":{\"@id\":\"https:\\\/\\\/joanserracabado.com\\\/coaching\\\/#primaryimage\"},\"image\":{\"@id\":\"https:\\\/\\\/joanserracabado.com\\\/coaching\\\/#primaryimage\"},\"thumbnailUrl\":\"https:\\\/\\\/joanserracabado.com\\\/wp-content\\\/uploads\\\/2023\\\/08\\\/conf-workshop-3.png\",\"datePublished\":\"2023-08-18T12:54:01+00:00\",\"dateModified\":\"2024-11-05T16:06:00+00:00\",\"breadcrumb\":{\"@id\":\"https:\\\/\\\/joanserracabado.com\\\/coaching\\\/#breadcrumb\"},\"inLanguage\":\"en-GB\",\"potentialAction\":[{\"@type\":\"ReadAction\",\"target\":[\"https:\\\/\\\/joanserracabado.com\\\/coaching\\\/\"]}]},{\"@type\":\"ImageObject\",\"inLanguage\":\"en-GB\",\"@id\":\"https:\\\/\\\/joanserracabado.com\\\/coaching\\\/#primaryimage\",\"url\":\"https:\\\/\\\/joanserracabado.com\\\/wp-content\\\/uploads\\\/2023\\\/08\\\/conf-workshop-3.png\",\"contentUrl\":\"https:\\\/\\\/joanserracabado.com\\\/wp-content\\\/uploads\\\/2023\\\/08\\\/conf-workshop-3.png\"},{\"@type\":\"BreadcrumbList\",\"@id\":\"https:\\\/\\\/joanserracabado.com\\\/coaching\\\/#breadcrumb\",\"itemListElement\":[{\"@type\":\"ListItem\",\"position\":1,\"name\":\"Portada\",\"item\":\"https:\\\/\\\/joanserracabado.com\\\/\"},{\"@type\":\"ListItem\",\"position\":2,\"name\":\"Coaching\"}]},{\"@type\":\"WebSite\",\"@id\":\"https:\\\/\\\/joanserracabado.com\\\/#website\",\"url\":\"https:\\\/\\\/joanserracabado.com\\\/\",\"name\":\"Joan Serra Cabado\",\"description\":\"\",\"publisher\":{\"@id\":\"https:\\\/\\\/joanserracabado.com\\\/#organization\"},\"potentialAction\":[{\"@type\":\"SearchAction\",\"target\":{\"@type\":\"EntryPoint\",\"urlTemplate\":\"https:\\\/\\\/joanserracabado.com\\\/?s={search_term_string}\"},\"query-input\":{\"@type\":\"PropertyValueSpecification\",\"valueRequired\":true,\"valueName\":\"search_term_string\"}}],\"inLanguage\":\"en-GB\"},{\"@type\":\"Organization\",\"@id\":\"https:\\\/\\\/joanserracabado.com\\\/#organization\",\"name\":\"Joan Serra Cabado\",\"url\":\"https:\\\/\\\/joanserracabado.com\\\/\",\"logo\":{\"@type\":\"ImageObject\",\"inLanguage\":\"en-GB\",\"@id\":\"https:\\\/\\\/joanserracabado.com\\\/#\\\/schema\\\/logo\\\/image\\\/\",\"url\":\"https:\\\/\\\/joanserracabado.com\\\/wp-content\\\/uploads\\\/2022\\\/12\\\/LOGO-TURQUESA.png\",\"contentUrl\":\"https:\\\/\\\/joanserracabado.com\\\/wp-content\\\/uploads\\\/2022\\\/12\\\/LOGO-TURQUESA.png\",\"width\":5815,\"height\":2260,\"caption\":\"Joan Serra Cabado\"},\"image\":{\"@id\":\"https:\\\/\\\/joanserracabado.com\\\/#\\\/schema\\\/logo\\\/image\\\/\"}}]}<\/script>\n<!-- \/ Yoast SEO plugin. -->","yoast_head_json":{"title":"Coaching - Joan Serra Cabado","robots":{"index":"index","follow":"follow","max-snippet":"max-snippet:-1","max-image-preview":"max-image-preview:large","max-video-preview":"max-video-preview:-1"},"canonical":"https:\/\/joanserracabado.com\/en\/coaching\/","og_locale":"en_GB","og_type":"article","og_title":"Coaching - Joan Serra Cabado","og_description":"Coaching EXECUTIVE &amp; TEAM COACHING \/ LIFE COACHING Con el coaching me pongo\u00a0al servicio de personas, equipos y organizaciones en su camino por alcanzar cualquier reto que se propongan, ser + eficaces, saludables y felices. Existen muchas escuelas y l\u00edneas de\u00a0Coaching. Yo me he formado en\u00a0Coaching PNL (Programaci\u00f3n Neuroling\u00fc\u00edstica) y en\u00a0Coaching Generativo. Adem\u00e1s, me apoyo [&hellip;]","og_url":"https:\/\/joanserracabado.com\/en\/coaching\/","og_site_name":"Joan Serra Cabado","article_modified_time":"2024-11-05T16:06:00+00:00","og_image":[{"url":"https:\/\/joanserracabado.com\/wp-content\/uploads\/2023\/08\/conf-workshop-3.png","type":"","width":"","height":""}],"twitter_card":"summary_large_image","twitter_misc":{"Estimated reading time":"2 minutes"},"schema":{"@context":"https:\/\/schema.org","@graph":[{"@type":"WebPage","@id":"https:\/\/joanserracabado.com\/coaching\/","url":"https:\/\/joanserracabado.com\/coaching\/","name":"Coaching - Joan Serra Cabado","isPartOf":{"@id":"https:\/\/joanserracabado.com\/#website"},"primaryImageOfPage":{"@id":"https:\/\/joanserracabado.com\/coaching\/#primaryimage"},"image":{"@id":"https:\/\/joanserracabado.com\/coaching\/#primaryimage"},"thumbnailUrl":"https:\/\/joanserracabado.com\/wp-content\/uploads\/2023\/08\/conf-workshop-3.png","datePublished":"2023-08-18T12:54:01+00:00","dateModified":"2024-11-05T16:06:00+00:00","breadcrumb":{"@id":"https:\/\/joanserracabado.com\/coaching\/#breadcrumb"},"inLanguage":"en-GB","potentialAction":[{"@type":"ReadAction","target":["https:\/\/joanserracabado.com\/coaching\/"]}]},{"@type":"ImageObject","inLanguage":"en-GB","@id":"https:\/\/joanserracabado.com\/coaching\/#primaryimage","url":"https:\/\/joanserracabado.com\/wp-content\/uploads\/2023\/08\/conf-workshop-3.png","contentUrl":"https:\/\/joanserracabado.com\/wp-content\/uploads\/2023\/08\/conf-workshop-3.png"},{"@type":"BreadcrumbList","@id":"https:\/\/joanserracabado.com\/coaching\/#breadcrumb","itemListElement":[{"@type":"ListItem","position":1,"name":"Portada","item":"https:\/\/joanserracabado.com\/"},{"@type":"ListItem","position":2,"name":"Coaching"}]},{"@type":"WebSite","@id":"https:\/\/joanserracabado.com\/#website","url":"https:\/\/joanserracabado.com\/","name":"Joan Serra Cabado","description":"","publisher":{"@id":"https:\/\/joanserracabado.com\/#organization"},"potentialAction":[{"@type":"SearchAction","target":{"@type":"EntryPoint","urlTemplate":"https:\/\/joanserracabado.com\/?s={search_term_string}"},"query-input":{"@type":"PropertyValueSpecification","valueRequired":true,"valueName":"search_term_string"}}],"inLanguage":"en-GB"},{"@type":"Organization","@id":"https:\/\/joanserracabado.com\/#organization","name":"Joan Serra Cabado","url":"https:\/\/joanserracabado.com\/","logo":{"@type":"ImageObject","inLanguage":"en-GB","@id":"https:\/\/joanserracabado.com\/#\/schema\/logo\/image\/","url":"https:\/\/joanserracabado.com\/wp-content\/uploads\/2022\/12\/LOGO-TURQUESA.png","contentUrl":"https:\/\/joanserracabado.com\/wp-content\/uploads\/2022\/12\/LOGO-TURQUESA.png","width":5815,"height":2260,"caption":"Joan Serra Cabado"},"image":{"@id":"https:\/\/joanserracabado.com\/#\/schema\/logo\/image\/"}}]}},"_links":{"self":[{"href":"https:\/\/joanserracabado.com\/en\/wp-json\/wp\/v2\/pages\/1470","targetHints":{"allow":["GET"]}}],"collection":[{"href":"https:\/\/joanserracabado.com\/en\/wp-json\/wp\/v2\/pages"}],"about":[{"href":"https:\/\/joanserracabado.com\/en\/wp-json\/wp\/v2\/types\/page"}],"author":[{"embeddable":true,"href":"https:\/\/joanserracabado.com\/en\/wp-json\/wp\/v2\/users\/2"}],"replies":[{"embeddable":true,"href":"https:\/\/joanserracabado.com\/en\/wp-json\/wp\/v2\/comments?post=1470"}],"version-history":[{"count":186,"href":"https:\/\/joanserracabado.com\/en\/wp-json\/wp\/v2\/pages\/1470\/revisions"}],"predecessor-version":[{"id":4954,"href":"https:\/\/joanserracabado.com\/en\/wp-json\/wp\/v2\/pages\/1470\/revisions\/4954"}],"wp:attachment":[{"href":"https:\/\/joanserracabado.com\/en\/wp-json\/wp\/v2\/media?parent=1470"}],"curies":[{"name":"wp","href":"https:\/\/api.w.org\/{rel}","templated":true}]}}